{"id":11,"date":"2025-05-10T04:40:34","date_gmt":"2025-05-10T04:40:34","guid":{"rendered":"https:\/\/sulfur.supergirl-escort.com\/?page_id=11"},"modified":"2026-04-22T17:16:29","modified_gmt":"2026-04-22T17:16:29","slug":"le-club","status":"publish","type":"page","link":"https:\/\/sulfur.club\/en\/le-club\/","title":{"rendered":"The Club"},"content":{"rendered":"<div data-elementor-type=\"wp-page\" data-elementor-id=\"11\" class=\"elementor elementor-11\" data-elementor-post-type=\"page\">\n\t\t\t\t<div data-particle_enable=\"false\" data-particle-mobile-disabled=\"false\" class=\"elementor-element elementor-element-e33b89d animated-slow e-flex e-con-boxed elementor-invisible e-con e-parent\" data-id=\"e33b89d\" data-element_type=\"container\" data-e-type=\"container\" data-settings=\"{&quot;background_background&quot;:&quot;classic&quot;,&quot;animation&quot;:&quot;fadeIn&quot;}\">\n\t\t\t\t\t<div class=\"e-con-inner\">\n\t\t\t\t<div class=\"elementor-element elementor-element-2901ecf elementor-widget elementor-widget-heading\" data-id=\"2901ecf\" data-element_type=\"widget\" data-e-type=\"widget\" data-widget_type=\"heading.default\">\n\t\t\t\t<div class=\"elementor-widget-container\">\n\t\t\t\t\t<h1 class=\"elementor-heading-title elementor-size-default\">A private club for exceptional evenings<\/h1>\t\t\t\t<\/div>\n\t\t\t\t<\/div>\n\t\t<div data-particle_enable=\"false\" data-particle-mobile-disabled=\"false\" class=\"elementor-element elementor-element-4d994ac e-con-full e-flex e-con e-child\" data-id=\"4d994ac\" data-element_type=\"container\" data-e-type=\"container\">\n\t\t<div data-particle_enable=\"false\" data-particle-mobile-disabled=\"false\" class=\"elementor-element elementor-element-1268567 e-con-full e-flex e-con e-child\" data-id=\"1268567\" data-element_type=\"container\" data-e-type=\"container\">\n\t\t\t\t<div class=\"elementor-element elementor-element-b1c2bab elementor-widget elementor-widget-text-editor\" data-id=\"b1c2bab\" data-element_type=\"widget\" data-e-type=\"widget\" data-widget_type=\"text-editor.default\">\n\t\t\t\t<div class=\"elementor-widget-container\">\n\t\t\t\t\t\t\t\t\t<p><strong>What you can find at the Sulfur:<\/strong><\/p><p>What you have never found anywhere else.<br \/>What you never hoped to find anywhere else!<\/p>\t\t\t\t\t\t\t\t<\/div>\n\t\t\t\t<\/div>\n\t\t\t\t<\/div>\n\t\t<div data-particle_enable=\"false\" data-particle-mobile-disabled=\"false\" class=\"elementor-element elementor-element-d65b39e e-con-full e-flex e-con e-child\" data-id=\"d65b39e\" data-element_type=\"container\" data-e-type=\"container\">\n\t\t\t\t<div class=\"elementor-element elementor-element-1e210da e-transform animated-slow elementor-invisible elementor-widget elementor-widget-text-editor\" data-id=\"1e210da\" data-element_type=\"widget\" data-e-type=\"widget\" data-settings=\"{&quot;_animation&quot;:&quot;fadeIn&quot;,&quot;_animation_delay&quot;:1000,&quot;_transform_rotateZ_effect&quot;:{&quot;unit&quot;:&quot;px&quot;,&quot;size&quot;:-17,&quot;sizes&quot;:[]},&quot;_transform_rotateZ_effect_tablet&quot;:{&quot;unit&quot;:&quot;deg&quot;,&quot;size&quot;:&quot;&quot;,&quot;sizes&quot;:[]},&quot;_transform_rotateZ_effect_mobile&quot;:{&quot;unit&quot;:&quot;deg&quot;,&quot;size&quot;:&quot;&quot;,&quot;sizes&quot;:[]}}\" data-widget_type=\"text-editor.default\">\n\t\t\t\t<div class=\"elementor-widget-container\">\n\t\t\t\t\t\t\t\t\t<p style=\"text-align: center;\">Secret \u2013 Elegance \u2013 Sexual Audacity\u00a0<\/p>\t\t\t\t\t\t\t\t<\/div>\n\t\t\t\t<\/div>\n\t\t\t\t<\/div>\n\t\t\t\t<\/div>\n\t\t\t\t\t<\/div>\n\t\t\t\t<\/div>\n\t\t<div data-particle_enable=\"false\" data-particle-mobile-disabled=\"false\" class=\"elementor-element elementor-element-c460b67 e-con-full e-flex e-con e-parent\" data-id=\"c460b67\" data-element_type=\"container\" data-e-type=\"container\">\n\t\t<div data-particle_enable=\"false\" data-particle-mobile-disabled=\"false\" class=\"elementor-element elementor-element-7d5a298 e-con-full e-flex e-con e-child\" data-id=\"7d5a298\" data-element_type=\"container\" data-e-type=\"container\">\n\t\t<div data-particle_enable=\"false\" data-particle-mobile-disabled=\"false\" class=\"elementor-element elementor-element-a48731d e-con-full e-flex elementor-invisible e-con e-child\" data-id=\"a48731d\" data-element_type=\"container\" data-e-type=\"container\" data-settings=\"{&quot;animation&quot;:&quot;fadeInLeft&quot;,&quot;background_background&quot;:&quot;classic&quot;}\">\n\t\t\t\t<div class=\"elementor-element elementor-element-0714d26 elementor-widget elementor-widget-text-editor\" data-id=\"0714d26\" data-element_type=\"widget\" data-e-type=\"widget\" data-widget_type=\"text-editor.default\">\n\t\t\t\t<div class=\"elementor-widget-container\">\n\t\t\t\t\t\t\t\t\t<div>A modern \"secret society\" brings together a select group of connoisseurs for very special evenings where elegance blends with the senses.<\/div><div>\u00a0<\/div><div>If you believe you meet the requirements, then <strong>apply to join the insiders<\/strong>.<\/div>\t\t\t\t\t\t\t\t<\/div>\n\t\t\t\t<\/div>\n\t\t\t\t<\/div>\n\t\t\t\t<\/div>\n\t\t\t\t<\/div>\n\t\t<div data-particle_enable=\"false\" data-particle-mobile-disabled=\"false\" class=\"elementor-element elementor-element-8f23ecc e-flex e-con-boxed e-con e-parent\" data-id=\"8f23ecc\" data-element_type=\"container\" data-e-type=\"container\" data-settings=\"{&quot;background_background&quot;:&quot;classic&quot;}\">\n\t\t\t\t\t<div class=\"e-con-inner\">\n\t\t<div data-particle_enable=\"false\" data-particle-mobile-disabled=\"false\" class=\"elementor-element elementor-element-43b399d e-con-full e-flex e-con e-child\" data-id=\"43b399d\" data-element_type=\"container\" data-e-type=\"container\">\n\t\t<div data-particle_enable=\"false\" data-particle-mobile-disabled=\"false\" class=\"elementor-element elementor-element-63d04c3 e-con-full e-flex e-con e-child\" data-id=\"63d04c3\" data-element_type=\"container\" data-e-type=\"container\">\n\t\t\t\t<div class=\"elementor-element elementor-element-6376116 elementor-invisible elementor-widget elementor-widget-heading\" data-id=\"6376116\" data-element_type=\"widget\" data-e-type=\"widget\" data-settings=\"{&quot;_animation&quot;:&quot;fadeInLeft&quot;}\" data-widget_type=\"heading.default\">\n\t\t\t\t<div class=\"elementor-widget-container\">\n\t\t\t\t\t<h2 class=\"elementor-heading-title elementor-size-default\">Something that exceeds your expectations<\/h2>\t\t\t\t<\/div>\n\t\t\t\t<\/div>\n\t\t\t\t<div class=\"elementor-element elementor-element-b1f91e1 elementor-invisible elementor-widget elementor-widget-text-editor\" data-id=\"b1f91e1\" data-element_type=\"widget\" data-e-type=\"widget\" data-settings=\"{&quot;_animation&quot;:&quot;fadeInLeft&quot;}\" data-widget_type=\"text-editor.default\">\n\t\t\t\t<div class=\"elementor-widget-container\">\n\t\t\t\t\t\t\t\t\t<p>An extraordinary world where refinement, sensuality, pleasure, fantasy, the unexpected, desire, thrills and play intertwine. A <strong>highly exclusive<\/strong> and <strong>closed<\/strong> circle for <strong>intense and unique experiences<\/strong> that <strong>transcend convention<\/strong> and, until now, had only belonged to your dreams.<\/p>\t\t\t\t\t\t\t\t<\/div>\n\t\t\t\t<\/div>\n\t\t\t\t<\/div>\n\t\t\t\t<div class=\"elementor-element elementor-element-9c9b6ba animated-slow elementor-invisible elementor-widget elementor-widget-image\" data-id=\"9c9b6ba\" data-element_type=\"widget\" data-e-type=\"widget\" data-settings=\"{&quot;_animation&quot;:&quot;fadeIn&quot;,&quot;_animation_delay&quot;:1000}\" data-widget_type=\"image.default\">\n\t\t\t\t<div class=\"elementor-widget-container\">\n\t\t\t\t\t\t\t\t\t\t\t\t\t\t\t<img fetchpriority=\"high\" decoding=\"async\" width=\"512\" height=\"768\" src=\"https:\/\/sulfur.club\/wp-content\/uploads\/2025\/06\/SC.jpg\" class=\"attachment-large size-large wp-image-252\" alt=\"\" srcset=\"https:\/\/sulfur.club\/wp-content\/uploads\/2025\/06\/SC.jpg 512w, https:\/\/sulfur.club\/wp-content\/uploads\/2025\/06\/SC-200x300.jpg 200w, https:\/\/sulfur.club\/wp-content\/uploads\/2025\/06\/SC-33x50.jpg 33w, https:\/\/sulfur.club\/wp-content\/uploads\/2025\/06\/SC-67x100.jpg 67w\" sizes=\"(max-width: 512px) 100vw, 512px\" \/>\t\t\t\t\t\t\t\t\t\t\t\t\t\t\t<\/div>\n\t\t\t\t<\/div>\n\t\t\t\t<\/div>\n\t\t\t\t<div class=\"elementor-element elementor-element-d37c161 elementor-invisible elementor-widget elementor-widget-text-editor\" data-id=\"d37c161\" data-element_type=\"widget\" data-e-type=\"widget\" data-settings=\"{&quot;_animation&quot;:&quot;fadeInRight&quot;}\" data-widget_type=\"text-editor.default\">\n\t\t\t\t<div class=\"elementor-widget-container\">\n\t\t\t\t\t\t\t\t\t<p>You will never be able to reach it on your own, even if you have found this page.<br \/><em><strong>You can only be invited!<\/strong><\/em><\/p><p><strong><span style=\"color: #fcf1d4;\">Until you receive a formal invitation... this club does not exist!<\/span><\/strong><\/p>\t\t\t\t\t\t\t\t<\/div>\n\t\t\t\t<\/div>\n\t\t\t\t\t<\/div>\n\t\t\t\t<\/div>\n\t\t<div data-particle_enable=\"false\" data-particle-mobile-disabled=\"false\" class=\"elementor-element elementor-element-992c9e5 e-con-full e-flex e-con e-parent\" data-id=\"992c9e5\" data-element_type=\"container\" data-e-type=\"container\" data-settings=\"{&quot;background_background&quot;:&quot;classic&quot;}\">\n\t\t<div data-particle_enable=\"false\" data-particle-mobile-disabled=\"false\" class=\"elementor-element elementor-element-c391e05 e-con-full e-flex e-con e-child\" data-id=\"c391e05\" data-element_type=\"container\" data-e-type=\"container\">\n\t\t\t\t\t\t\t<div data-eael_opacity=\"{&quot;opacity&quot;:1}\" data-eael_scale_effect=\"{&quot;scale_x&quot;:0.9,&quot;scale_y&quot;:0.9}\" data-eael_duration=\"{&quot;transitionDuration&quot;:1000}\" data-eael_easing=\"{&quot;transitionEasing&quot;:&quot;ease&quot;}\" data-eael_hover_duration=\"{&quot;transitionDuration&quot;:1000}\" data-eael_hover_easing=\"{&quot;transitionEasing&quot;:&quot;ease&quot;}\" class=\"eael_hover_effect elementor-element elementor-element-cd558d5 elementor-widget__width-initial elementor-view-default elementor-position-block-start elementor-mobile-position-block-start elementor-invisible elementor-widget elementor-widget-icon-box\" data-id=\"cd558d5\" data-element_type=\"widget\" data-e-type=\"widget\" data-settings=\"{&quot;eael_hover_effect_transform_popover&quot;:&quot;yes&quot;,&quot;_animation&quot;:&quot;fadeIn&quot;,&quot;_animation_delay&quot;:500,&quot;eael_hover_effect_general_settings_easing&quot;:&quot;ease&quot;,&quot;eael_hover_effect_general_settings_hover_easing&quot;:&quot;ease&quot;}\" data-widget_type=\"icon-box.default\">\n\t\t\t\t<div class=\"elementor-widget-container\">\n\t\t\t\t\t\t\t<div class=\"elementor-icon-box-wrapper\">\n\n\t\t\t\t\t\t<div class=\"elementor-icon-box-icon\">\n\t\t\t\t<a href=\"https:\/\/sulfur.club\/en\/ce-que-le-sulfur-nest-pas\/\" class=\"elementor-icon\" tabindex=\"-1\" aria-label=\"Ce Que Le Sulfur N&#039;est Pas\">\n\t\t\t\t<svg aria-hidden=\"true\" class=\"e-font-icon-svg e-far-thumbs-down\" viewbox=\"0 0 512 512\" xmlns=\"http:\/\/www.w3.org\/2000\/svg\"><path d=\"M466.27 225.31c4.674-22.647.864-44.538-8.99-62.99 2.958-23.868-4.021-48.565-17.34-66.99C438.986 39.423 404.117 0 327 0c-7 0-15 .01-22.22.01C201.195.01 168.997 40 128 40h-10.845c-5.64-4.975-13.042-8-21.155-8H32C14.327 32 0 46.327 0 64v240c0 17.673 14.327 32 32 32h64c11.842 0 22.175-6.438 27.708-16h7.052c19.146 16.953 46.013 60.653 68.76 83.4 13.667 13.667 10.153 108.6 71.76 108.6 57.58 0 95.27-31.936 95.27-104.73 0-18.41-3.93-33.73-8.85-46.54h36.48c48.602 0 85.82-41.565 85.82-85.58 0-19.15-4.96-34.99-13.73-49.84zM64 296c-13.255 0-24-10.745-24-24s10.745-24 24-24 24 10.745 24 24-10.745 24-24 24zm330.18 16.73H290.19c0 37.82 28.36 55.37 28.36 94.54 0 23.75 0 56.73-47.27 56.73-18.91-18.91-9.46-66.18-37.82-94.54C206.9 342.89 167.28 272 138.92 272H128V85.83c53.611 0 100.001-37.82 171.64-37.82h37.82c35.512 0 60.82 17.12 53.12 65.9 15.2 8.16 26.5 36.44 13.94 57.57 21.581 20.384 18.699 51.065 5.21 65.62 9.45 0 22.36 18.91 22.27 37.81-.09 18.91-16.71 37.82-37.82 37.82z\"><\/path><\/svg>\t\t\t\t<\/a>\n\t\t\t<\/div>\n\t\t\t\n\t\t\t\t\t\t<div class=\"elementor-icon-box-content\">\n\n\t\t\t\t\t\t\t\t\t<h3 class=\"elementor-icon-box-title\">\n\t\t\t\t\t\t<a href=\"https:\/\/sulfur.club\/en\/ce-que-le-sulfur-nest-pas\/\" >\n\t\t\t\t\t\t\tCe Que Le Sulfur N'est Pas\t\t\t\t\t\t<\/a>\n\t\t\t\t\t<\/h3>\n\t\t\t\t\n\t\t\t\t\t\t\t\t\t<p class=\"elementor-icon-box-description\">\n\t\t\t\t\t\tIt is difficult to describe what the Sulfur really is. It is easier to describe what it is not, and above all, what it will never be.\t\t\t\t\t<\/p>\n\t\t\t\t\n\t\t\t<\/div>\n\t\t\t\n\t\t<\/div>\n\t\t\t\t\t\t<\/div>\n\t\t\t\t<\/div>\n\t\t\t\t\t\t\t<div data-eael_opacity=\"{&quot;opacity&quot;:1}\" data-eael_scale_effect=\"{&quot;scale_x&quot;:0.9,&quot;scale_y&quot;:0.9}\" data-eael_duration=\"{&quot;transitionDuration&quot;:1000}\" data-eael_easing=\"{&quot;transitionEasing&quot;:&quot;ease&quot;}\" data-eael_hover_duration=\"{&quot;transitionDuration&quot;:1000}\" data-eael_hover_easing=\"{&quot;transitionEasing&quot;:&quot;ease&quot;}\" class=\"eael_hover_effect elementor-element elementor-element-a2ea7ce elementor-widget__width-initial elementor-view-default elementor-position-block-start elementor-mobile-position-block-start elementor-invisible elementor-widget elementor-widget-icon-box\" data-id=\"a2ea7ce\" data-element_type=\"widget\" data-e-type=\"widget\" data-settings=\"{&quot;eael_hover_effect_transform_popover&quot;:&quot;yes&quot;,&quot;_animation&quot;:&quot;fadeIn&quot;,&quot;_animation_delay&quot;:1000,&quot;eael_hover_effect_general_settings_easing&quot;:&quot;ease&quot;,&quot;eael_hover_effect_general_settings_hover_easing&quot;:&quot;ease&quot;}\" data-widget_type=\"icon-box.default\">\n\t\t\t\t<div class=\"elementor-widget-container\">\n\t\t\t\t\t\t\t<div class=\"elementor-icon-box-wrapper\">\n\n\t\t\t\t\t\t<div class=\"elementor-icon-box-icon\">\n\t\t\t\t<a href=\"https:\/\/sulfur.club\/en\/les-regles\/\" class=\"elementor-icon\" tabindex=\"-1\" aria-label=\"Rules to Follow\">\n\t\t\t\t<svg aria-hidden=\"true\" class=\"e-font-icon-svg e-far-compass\" viewbox=\"0 0 496 512\" xmlns=\"http:\/\/www.w3.org\/2000\/svg\"><path d=\"M347.94 129.86L203.6 195.83a31.938 31.938 0 0 0-15.77 15.77l-65.97 144.34c-7.61 16.65 9.54 33.81 26.2 26.2l144.34-65.97a31.938 31.938 0 0 0 15.77-15.77l65.97-144.34c7.61-16.66-9.54-33.81-26.2-26.2zm-77.36 148.72c-12.47 12.47-32.69 12.47-45.16 0-12.47-12.47-12.47-32.69 0-45.16 12.47-12.47 32.69-12.47 45.16 0 12.47 12.47 12.47 32.69 0 45.16zM248 8C111.03 8 0 119.03 0 256s111.03 248 248 248 248-111.03 248-248S384.97 8 248 8zm0 448c-110.28 0-200-89.72-200-200S137.72 56 248 56s200 89.72 200 200-89.72 200-200 200z\"><\/path><\/svg>\t\t\t\t<\/a>\n\t\t\t<\/div>\n\t\t\t\n\t\t\t\t\t\t<div class=\"elementor-icon-box-content\">\n\n\t\t\t\t\t\t\t\t\t<h3 class=\"elementor-icon-box-title\">\n\t\t\t\t\t\t<a href=\"https:\/\/sulfur.club\/en\/les-regles\/\" >\n\t\t\t\t\t\t\tRules to Follow\t\t\t\t\t\t<\/a>\n\t\t\t\t\t<\/h3>\n\t\t\t\t\n\t\t\t\t\t\t\t\t\t<p class=\"elementor-icon-box-description\">\n\t\t\t\t\t\tThese rules are relatively simple and within everyone's reach, but they are what make Sulfur what it is. Absolute compliance with them is a prerequisite. \t\t\t\t\t<\/p>\n\t\t\t\t\n\t\t\t<\/div>\n\t\t\t\n\t\t<\/div>\n\t\t\t\t\t\t<\/div>\n\t\t\t\t<\/div>\n\t\t\t\t\t\t\t<div data-eael_opacity=\"{&quot;opacity&quot;:1}\" data-eael_scale_effect=\"{&quot;scale_x&quot;:0.9,&quot;scale_y&quot;:0.9}\" data-eael_duration=\"{&quot;transitionDuration&quot;:1000}\" data-eael_easing=\"{&quot;transitionEasing&quot;:&quot;ease&quot;}\" data-eael_hover_duration=\"{&quot;transitionDuration&quot;:1000}\" data-eael_hover_easing=\"{&quot;transitionEasing&quot;:&quot;ease&quot;}\" class=\"eael_hover_effect eael-section-tooltip elementor-element elementor-element-e9bd57c elementor-widget__width-initial elementor-view-default elementor-position-block-start elementor-mobile-position-block-start elementor-invisible elementor-widget elementor-widget-icon-box\" id=\"eael-section-tooltip-e9bd57c\" data-id=\"e9bd57c\" data-element_type=\"widget\" data-e-type=\"widget\" data-settings=\"{&quot;eael_hover_effect_transform_popover&quot;:&quot;yes&quot;,&quot;eael_tooltip_section_content&quot;:&quot;&lt;p&gt;Si ce widget est &lt;strong&gt;inactif&lt;\\\/strong&gt;, c&amp;apos;est que les portes du Sulfur sont actuellement &lt;strong&gt;ferm&eacute;es&lt;\\\/strong&gt;. Dans ce cas, nulle inscription n&amp;apos;est possible. Elles se rouvriront peut-&ecirc;tre ult&eacute;rieurement.&lt;\\\/p&gt; &lt;p&gt;Si ses portes sont ouvertes, mais que leur &lt;strong&gt;fermeture est imminente&lt;\\\/strong&gt;, un &lt;strong&gt;compte &agrave; rebours&lt;\\\/strong&gt; appara&icirc;tra ci-dessous jusqu&amp;apos;&agrave; &eacute;ch&eacute;ance.&lt;\\\/p&gt; &lt;p&gt;Si ce widget est r&eacute;actif, c&amp;apos;est que &lt;strong&gt;votre accueil est possible&lt;\\\/strong&gt;. &lt;strong&gt;Cliquez dessus&lt;\\\/strong&gt; et vous serez conduit&middot;e vers la page qui vous permettra de &lt;strong&gt;requ&eacute;rir votre inscription&lt;\\\/strong&gt;.&lt;\\\/p&gt;&quot;,&quot;_animation&quot;:&quot;fadeIn&quot;,&quot;eael_tooltip_section_delay&quot;:100,&quot;_animation_delay&quot;:1500,&quot;eael_hover_effect_general_settings_easing&quot;:&quot;ease&quot;,&quot;eael_hover_effect_general_settings_hover_easing&quot;:&quot;ease&quot;,&quot;eael_tooltip_section_position&quot;:&quot;top&quot;,&quot;eael_tooltip_section_animation&quot;:&quot;scale&quot;,&quot;eael_tooltip_section_arrow&quot;:true,&quot;eael_tooltip_section_arrow_type&quot;:&quot;sharp&quot;,&quot;eael_tooltip_section_follow_cursor&quot;:&quot;false&quot;,&quot;eael_tooltip_section_trigger&quot;:&quot;mouseenter&quot;,&quot;eael_tooltip_section_duration&quot;:300,&quot;eael_tooltip_section_size&quot;:&quot;regular&quot;}\" data-widget_type=\"icon-box.default\">\n\t\t\n            <script>\n                jQuery(window).on('elementor\/frontend\/init elementor\/popup\/show', function() {\n                    var $currentTooltip = '#eael-section-tooltip-e9bd57c';\n\n                    if (typeof tippy !== 'undefined') {\n                        tippy($currentTooltip, {\n                            content: '<p>Si ce widget est <strong>inactif<\/strong>, c&apos;est que les portes du Sulfur sont actuellement <strong>ferm&eacute;es<\/strong>. Dans ce cas, nulle inscription n&apos;est possible. Elles se rouvriront peut-&ecirc;tre ult&eacute;rieurement.<\/p> <p>Si ses portes sont ouvertes, mais que leur <strong>fermeture est imminente<\/strong>, un <strong>compte &agrave; rebours<\/strong> appara&icirc;tra ci-dessous jusqu&apos;&agrave; &eacute;ch&eacute;ance.<\/p> <p>Si ce widget est r&eacute;actif, c&apos;est que <strong>votre accueil est possible<\/strong>. <strong>Cliquez dessus<\/strong> et vous serez conduit&middot;e vers la page qui vous permettra de <strong>requ&eacute;rir votre inscription<\/strong>.<\/p>',\n                            placement: 'top',\n                            animation: 'scale',\n                            arrow: '1',\n                            arrowType: 'sharp',\n                            duration: '300',\n                            distance: '10',\n                            delay: '100',\n                            size: 'regular',\n                            trigger: 'mouseenter focus',\n                            animateFill: false,\n                            flip: true,\n                            flipOnUpdate: true,\n                            interactive: true,\n                            flipBehavior: 'flip',\n                            maxWidth: 350,\n                            zIndex: 99999,\n                            followCursor: false,\n                            onShow(instance) {\n                                var tippyPopper = instance.popper;\n                                jQuery(tippyPopper).attr('data-tippy-popper-id', 'e9bd57c');\n                            }\n                        });\n                    }\n                });\n            <\/script>\n        \t\t<div class=\"elementor-widget-container\">\n\t\t\t\t\t\t\t<div class=\"elementor-icon-box-wrapper\">\n\n\t\t\t\t\t\t<div class=\"elementor-icon-box-icon\">\n\t\t\t\t<span  class=\"elementor-icon\">\n\t\t\t\t<svg aria-hidden=\"true\" class=\"e-font-icon-svg e-fas-key\" viewbox=\"0 0 512 512\" xmlns=\"http:\/\/www.w3.org\/2000\/svg\"><path d=\"M512 176.001C512 273.203 433.202 352 336 352c-11.22 0-22.19-1.062-32.827-3.069l-24.012 27.014A23.999 23.999 0 0 1 261.223 384H224v40c0 13.255-10.745 24-24 24h-40v40c0 13.255-10.745 24-24 24H24c-13.255 0-24-10.745-24-24v-78.059c0-6.365 2.529-12.47 7.029-16.971l161.802-161.802C163.108 213.814 160 195.271 160 176 160 78.798 238.797.001 335.999 0 433.488-.001 512 78.511 512 176.001zM336 128c0 26.51 21.49 48 48 48s48-21.49 48-48-21.49-48-48-48-48 21.49-48 48z\"><\/path><\/svg>\t\t\t\t<\/span>\n\t\t\t<\/div>\n\t\t\t\n\t\t\t\t\t\t<div class=\"elementor-icon-box-content\">\n\n\t\t\t\t\t\t\t\t\t<h3 class=\"elementor-icon-box-title\">\n\t\t\t\t\t\t<span  >\n\t\t\t\t\t\t\tHow to Become a Member\t\t\t\t\t\t<\/span>\n\t\t\t\t\t<\/h3>\n\t\t\t\t\n\t\t\t\t\t\t\t\t\t<p class=\"elementor-icon-box-description\">\n\t\t\t\t\t\tThis website is designed with a significant section reserved for members. From time to time, the club opens its doors. Will you dare to step inside?\t\t\t\t\t<\/p>\n\t\t\t\t\n\t\t\t<\/div>\n\t\t\t\n\t\t<\/div>\n\t\t\t\t\t\t<\/div>\n\t\t\t\t<\/div>\n\t\t\t\t<\/div>\n\t\t\t\t<\/div>\n\t\t\t\t<\/div>","protected":false},"excerpt":{"rendered":"<p>Un cercle priv\u00e9 pour soir\u00e9es d&rsquo;exception Ce qu&rsquo;on trouve au Sulfur : Ce que vous n&rsquo;avez jamais trouv\u00e9 ailleurs.Ce que [&hellip;]<\/p>\n","protected":false},"author":1,"featured_media":0,"parent":0,"menu_order":0,"comment_status":"closed","ping_status":"closed","template":"","meta":{"_lmt_disableupdate":"no","_lmt_disable":"","site-sidebar-layout":"no-sidebar","site-content-layout":"","ast-site-content-layout":"full-width-container","site-content-style":"default","site-sidebar-style":"default","ast-global-header-display":"","ast-banner-title-visibility":"","ast-main-header-display":"","ast-hfb-above-header-display":"","ast-hfb-below-header-display":"","ast-hfb-mobile-header-display":"","site-post-title":"disabled","ast-breadcrumbs-content":"","ast-featured-img":"disabled","footer-sml-layout":"","ast-disable-related-posts":"","theme-transparent-header-meta":"default","adv-header-id-meta":"","stick-header-meta":"","header-above-stick-meta":"","header-main-stick-meta":"","header-below-stick-meta":"","astra-migrate-meta-layouts":"set","ast-page-background-enabled":"default","ast-page-background-meta":{"desktop":{"background-color":"var(--ast-global-color-5)","background-image":"","background-repeat":"repeat","background-position":"center center","background-size":"auto","background-attachment":"scroll","background-type":"","background-media":"","overlay-type":"","overlay-color":"","overlay-opacity":"","overlay-gradient":""},"tablet":{"background-color":"","background-image":"","background-repeat":"repeat","background-position":"center center","background-size":"auto","background-attachment":"scroll","background-type":"","background-media":"","overlay-type":"","overlay-color":"","overlay-opacity":"","overlay-gradient":""},"mobile":{"background-color":"","background-image":"","background-repeat":"repeat","background-position":"center center","background-size":"auto","background-attachment":"scroll","background-type":"","background-media":"","overlay-type":"","overlay-color":"","overlay-opacity":"","overlay-gradient":""}},"ast-content-background-meta":{"desktop":{"background-color":"var(--ast-global-color-4)","background-image":"","background-repeat":"repeat","background-position":"center center","background-size":"auto","background-attachment":"scroll","background-type":"","background-media":"","overlay-type":"","overlay-color":"","overlay-opacity":"","overlay-gradient":""},"tablet":{"background-color":"var(--ast-global-color-4)","background-image":"","background-repeat":"repeat","background-position":"center center","background-size":"auto","background-attachment":"scroll","background-type":"","background-media":"","overlay-type":"","overlay-color":"","overlay-opacity":"","overlay-gradient":""},"mobile":{"background-color":"var(--ast-global-color-4)","background-image":"","background-repeat":"repeat","background-position":"center center","background-size":"auto","background-attachment":"scroll","background-type":"","background-media":"","overlay-type":"","overlay-color":"","overlay-opacity":"","overlay-gradient":""}},"footnotes":""},"class_list":["post-11","page","type-page","status-publish","hentry"],"_links":{"self":[{"href":"https:\/\/sulfur.club\/en\/wp-json\/wp\/v2\/pages\/11","targetHints":{"allow":["GET"]}}],"collection":[{"href":"https:\/\/sulfur.club\/en\/wp-json\/wp\/v2\/pages"}],"about":[{"href":"https:\/\/sulfur.club\/en\/wp-json\/wp\/v2\/types\/page"}],"author":[{"embeddable":true,"href":"https:\/\/sulfur.club\/en\/wp-json\/wp\/v2\/users\/1"}],"replies":[{"embeddable":true,"href":"https:\/\/sulfur.club\/en\/wp-json\/wp\/v2\/comments?post=11"}],"version-history":[{"count":96,"href":"https:\/\/sulfur.club\/en\/wp-json\/wp\/v2\/pages\/11\/revisions"}],"predecessor-version":[{"id":878,"href":"https:\/\/sulfur.club\/en\/wp-json\/wp\/v2\/pages\/11\/revisions\/878"}],"wp:attachment":[{"href":"https:\/\/sulfur.club\/en\/wp-json\/wp\/v2\/media?parent=11"}],"curies":[{"name":"wp","href":"https:\/\/api.w.org\/{rel}","templated":true}]}}